{"id":134,"date":"2022-11-10T16:20:09","date_gmt":"2022-11-10T15:20:09","guid":{"rendered":"http:\/\/www.kurr.org\/2022\/kurr\/"},"modified":"2022-12-13T17:22:25","modified_gmt":"2022-12-13T16:22:25","slug":"kurr","status":"publish","type":"page","link":"https:\/\/www.kurr.org\/en\/kurr\/","title":{"rendered":"Kurr"},"content":{"rendered":"\n<p>Stephan Kurr, born 1961 in N\u00fcrnberg, studierte zwischen 1983 und 1991 Kunst in Kassel und N\u00fcrnberg. Er war Meistersch\u00fcler und schloss mit dem Absolventenpreis der Akademie N\u00fcrnberg ab.<\/p>\n\n\n\n<p>Aufgrund seiner Migrationserfahrung, als Kind pendelte er mit der Mutter zwischen Deutschland und Spanien, er\u00f6ffnete sich der Fokus f\u00fcr andere Kulturen. Ein&nbsp;<a>DAAD<\/a>&nbsp;\u2013 Reisestipendium brachte ihn in den Jemen, der pers\u00f6nliche Austausch mit K\u00fcnstlerkollegen f\u00fchrte ihn u.a. nach Istanbul, Hanoi, Helsinki, Montr\u00e9al oder Cali, Kolumbien.<\/p>\n\n\n\n<p>Die K\u00fcnstlerkarriere formte seine berufliche Entwicklung in der sich spezifische Fragen kristallisierten. In den 1990ern waren \u00f6konomische Themen relevant und in diesem Referenzfeld auch die Rolle und das Selbstverst\u00e4ndnis des K\u00fcnstlers. Diese Auseinandersetzung m\u00fcndet immer wieder in Textpublikationen, kuratorische T\u00e4tigkeit und Initiativen die den Diskurs pflegen. Die k\u00fcnstlerische T\u00e4tigkeit ist projektorientiert, der Bezugspunkt ist der \u00f6ffentliche, gesellschaftliche Raum und gepr\u00e4gt vom gesellschaftspolitischen Wandel der letzten Jahrzehnte, hin zu kulturell-religi\u00f6sen Ideologien, wurde immer h\u00e4ufiger die kulturelle Bildung ein T\u00e4tigkeitsfeld. Aus der Praxis von Interventionen im \u00f6ffentlichen Raum, der Lehre und der Kunstvermittlung resultieren die verschiedenen partizipativen Aspekte seiner Arbeiten.<\/p>\n\n\n\n<p>Stephan Kurr lebt in Berlin.<\/p>\n","protected":false},"excerpt":{"rendered":"<p>Stephan Kurr, born 1961 in N\u00fcrnberg, studierte zwischen 1983 und 1991 Kunst in Kassel und N\u00fcrnberg. Er war Meistersch\u00fcler und schloss mit dem Absolventenpreis der Akademie N\u00fcrnberg ab. Aufgrund seiner Migrationserfahrung, als Kind pendelte er mit der Mutter zwischen Deutschland und Spanien, er\u00f6ffnete sich der Fokus f\u00fcr andere Kulturen. Ein&nbsp;DAAD&nbsp;\u2013 Reisestipendium brachte ihn in den [&hellip;]<\/p>\n","protected":false},"author":1,"featured_media":0,"parent":0,"menu_order":9,"comment_status":"closed","ping_status":"closed","template":"tmpl-kurr.php","meta":{"_acf_changed":false,"footnotes":""},"class_list":["post-134","page","type-page","status-publish","hentry"],"acf":[],"_links":{"self":[{"href":"https:\/\/www.kurr.org\/en\/wp-json\/wp\/v2\/pages\/134","targetHints":{"allow":["GET"]}}],"collection":[{"href":"https:\/\/www.kurr.org\/en\/wp-json\/wp\/v2\/pages"}],"about":[{"href":"https:\/\/www.kurr.org\/en\/wp-json\/wp\/v2\/types\/page"}],"author":[{"embeddable":true,"href":"https:\/\/www.kurr.org\/en\/wp-json\/wp\/v2\/users\/1"}],"replies":[{"embeddable":true,"href":"https:\/\/www.kurr.org\/en\/wp-json\/wp\/v2\/comments?post=134"}],"version-history":[{"count":2,"href":"https:\/\/www.kurr.org\/en\/wp-json\/wp\/v2\/pages\/134\/revisions"}],"predecessor-version":[{"id":141,"href":"https:\/\/www.kurr.org\/en\/wp-json\/wp\/v2\/pages\/134\/revisions\/141"}],"wp:attachment":[{"href":"https:\/\/www.kurr.org\/en\/wp-json\/wp\/v2\/media?parent=134"}],"curies":[{"name":"wp","href":"https:\/\/api.w.org\/{rel}","templated":true}]}}